{"id":6,"date":"2026-04-20T19:35:55","date_gmt":"2026-04-20T19:35:55","guid":{"rendered":"https:\/\/idegasperi.com\/?page_id=6"},"modified":"2026-04-23T22:42:16","modified_gmt":"2026-04-23T22:42:16","slug":"degasperi-growth-receita","status":"publish","type":"page","link":"https:\/\/idegasperi.com\/en\/","title":{"rendered":"Degasperi Growth &#038; Receita"},"content":{"rendered":"<div data-elementor-type=\"wp-post\" data-elementor-id=\"6\" class=\"elementor elementor-6\">\n\t\t\t\t<div class=\"elementor-element elementor-element-b8f98b2 e-flex e-con-boxed e-con e-parent\" data-id=\"b8f98b2\" data-element_type=\"container\" data-e-type=\"container\">\n\t\t\t\t\t<div class=\"e-con-inner\">\n\t\t\t\t\t\t\t<h2 \n\t\tdata-interaction-id=\"9246922\" \n\t\tclass=\"e-9246922-e629681 e-heading-base\" \n\t\t \n\t\t\n\t>\n\t\n\t\t\tVoc\u00ea gera leads. Mas n\u00e3o tem ideia do que vira receita.This is a title\n\t\t<\/h2>\n\t\t\t\t\t<\/div>\n\t\t\t\t<\/div>\n\t\t<div class=\"elementor-element elementor-element-4e697b5 e-flex e-con-boxed e-con e-parent\" data-id=\"4e697b5\" data-element_type=\"container\" data-e-type=\"container\">\n\t\t\t\t\t<div class=\"e-con-inner\">\n\t\t\t\t\t\t\t\t<p class=\"e-19b9c3c-abb03b5 e-paragraph-base\" data-interaction-id=\"19b9c3c\"  >\n\t\t\t\t\t\t\t\tO problema n\u00e3o \u00e9 tr\u00e1fego, nem m\u00eddia.<br>\u00c9 a desconex\u00e3o entre aquisi\u00e7\u00e3o, qualifica\u00e7\u00e3o e pipeline.\n\t\t\t\t\t<\/p>\n\t\t\t\t\t<\/div>\n\t\t\t\t<\/div>\n\t\t<div class=\"elementor-element elementor-element-e6c5cea e-flex e-con-boxed e-con e-parent\" data-id=\"e6c5cea\" data-element_type=\"container\" data-e-type=\"container\">\n\t\t\t\t\t<div class=\"e-con-inner\">\n\t\t\t\t\t    \t            <button class=\"e-button-base\" data-interaction-id=\"fc75035\"  >\n            Quero entender onde estou perdendo receita\n        <\/button>\n    \t\t\t\t\t<\/div>\n\t\t\t\t<\/div>\n\t\t\t\t<div class=\"elementor-element elementor-element-25dd414 e-con e-atomic-element e-flexbox-base e-25dd414-4c5356e\" data-id=\"25dd414\" data-element_type=\"e-flexbox\" data-e-type=\"e-flexbox\" data-interaction-id=\"25dd414\">\n\t\t\t\t\t\t\t<h2 \n\t\tdata-interaction-id=\"1fb639c\" \n\t\tclass=\"e-1fb639c-142788c e-heading-base\" \n\t\t \n\t\t\n\t>\n\t\n\t\t\tVoc\u00ea n\u00e3o tem um problema de marketing.<br>Voc\u00ea tem um problema de visibilidade de receita.\n\t\t<\/h2>\n\t\t\t\t<\/div>\n\t\t<div class=\"elementor-element elementor-element-8985192 e-flex e-con-boxed e-con e-parent\" data-id=\"8985192\" data-element_type=\"container\" data-e-type=\"container\">\n\t\t\t\t\t<div class=\"e-con-inner\">\n\t\t\t\t\t\t\t\t<p class=\"e-fd3421a-a2ab273 e-paragraph-base\" data-interaction-id=\"fd3421a\"  >\n\t\t\t\t\t\t\t\tSem um modelo claro de:<br><br>\u2022 Lead \u2192 Oportunidade \u2192 Receita<br>\u2022 Qualidade da demanda<br>\u2022 Origem real do pipelineVoc\u00ea est\u00e1 tomando decis\u00e3o no escuro.E isso custa caro.\n\t\t\t\t\t<\/p>\n\t\t\t\t\t<\/div>\n\t\t\t\t<\/div>\n\t\t\t\t<\/div>","protected":false},"excerpt":{"rendered":"<p>Voc\u00ea gera leads. Eu mostro o que vira receita. O problema n\u00e3o \u00e9 tr\u00e1fego, nem m\u00eddia. \u00c9 a desconex\u00e3o entre [&hellip;]<\/p>\n","protected":false},"author":1,"featured_media":33,"parent":0,"menu_order":0,"comment_status":"closed","ping_status":"closed","template":"","meta":{"_joinchat":[],"footnotes":""},"class_list":["post-6","page","type-page","status-publish","has-post-thumbnail","hentry"],"_links":{"self":[{"href":"https:\/\/idegasperi.com\/en\/wp-json\/wp\/v2\/pages\/6","targetHints":{"allow":["GET"]}}],"collection":[{"href":"https:\/\/idegasperi.com\/en\/wp-json\/wp\/v2\/pages"}],"about":[{"href":"https:\/\/idegasperi.com\/en\/wp-json\/wp\/v2\/types\/page"}],"author":[{"embeddable":true,"href":"https:\/\/idegasperi.com\/en\/wp-json\/wp\/v2\/users\/1"}],"replies":[{"embeddable":true,"href":"https:\/\/idegasperi.com\/en\/wp-json\/wp\/v2\/comments?post=6"}],"version-history":[{"count":21,"href":"https:\/\/idegasperi.com\/en\/wp-json\/wp\/v2\/pages\/6\/revisions"}],"predecessor-version":[{"id":386,"href":"https:\/\/idegasperi.com\/en\/wp-json\/wp\/v2\/pages\/6\/revisions\/386"}],"wp:featuredmedia":[{"embeddable":true,"href":"https:\/\/idegasperi.com\/en\/wp-json\/wp\/v2\/media\/33"}],"wp:attachment":[{"href":"https:\/\/idegasperi.com\/en\/wp-json\/wp\/v2\/media?parent=6"}],"curies":[{"name":"wp","href":"https:\/\/api.w.org\/{rel}","templated":true}]}}