{"id":199,"date":"2026-04-21T23:00:39","date_gmt":"2026-04-21T23:00:39","guid":{"rendered":"https:\/\/idegasperi.com\/?page_id=199"},"modified":"2026-04-23T20:26:20","modified_gmt":"2026-04-23T20:26:20","slug":"aquisicao-e-pipeline","status":"publish","type":"page","link":"https:\/\/idegasperi.com\/en\/aquisicao-e-pipeline\/","title":{"rendered":"Aquisi\u00e7\u00e3o"},"content":{"rendered":"<div data-elementor-type=\"wp-page\" data-elementor-id=\"199\" class=\"elementor elementor-199\">\n\t\t\t\t<div class=\"elementor-element elementor-element-46a59e29 e-flex e-con-boxed e-con e-parent\" data-id=\"46a59e29\" data-element_type=\"container\" data-e-type=\"container\">\n\t\t\t\t\t<div class=\"e-con-inner\">\n\t\t\t\t<div class=\"elementor-element elementor-element-73290112 elementor-widget elementor-widget-text-editor\" data-id=\"73290112\" data-element_type=\"widget\" data-e-type=\"widget\" data-widget_type=\"text-editor.default\">\n\t\t\t\t\t\t\t\t\t<p><img fetchpriority=\"high\" decoding=\"async\" class=\"alignnone wp-image-208 size-full alignleft\" src=\"https:\/\/idegasperi.com\/wp-content\/uploads\/2026\/04\/Structure_EN.png\" alt=\"\" width=\"1537\" height=\"1023\" \/><\/p><h1 class=\"p1\" style=\"text-align: left;\">Align Marketing, CRM, and Sales Around Revenue<\/h1><p style=\"text-align: left;\"><span class=\"s1\" style=\"color: #000000;\">I align marketing, CRM, and sales to reduce friction across teams, improve funnel quality, and turn demand into real revenue progression.<\/span><\/p>\t\t\t\t\t\t\t\t<\/div>\n\t\t\t\t\t<\/div>\n\t\t\t\t<\/div>\n\t\t<div class=\"elementor-element elementor-element-a463831 e-con-full e-flex e-con e-parent\" data-id=\"a463831\" data-element_type=\"container\" data-e-type=\"container\">\n\t\t\t\t\t    \t            <button class=\"e-2bb4deb-c42a590 e-button-base\" data-interaction-id=\"2bb4deb\"  >\n            <strong>Structure My Pipeline!<\/strong>\n        <\/button>\n    \t\t\t\t<\/div>\n\t\t<div class=\"elementor-element elementor-element-4c4b72c e-flex e-con-boxed e-con e-parent\" data-id=\"4c4b72c\" data-element_type=\"container\" data-e-type=\"container\">\n\t\t\t\t\t<div class=\"e-con-inner\">\n\t\t\t\t\t\t\t<h2 \n\t\tdata-interaction-id=\"5eb9e18\" \n\t\tclass=\"e-5eb9e18-7342b7e e-heading-base\" \n\t\t \n\t\t\n\t>\n\t\n\t\t\t<strong id=\"e-moa6yni6-zkl5hfw\">The problem is not just generating demand. It is making it move forward.<\/strong>\n\t\t<\/h2>\n\t\t\t\t\t<\/div>\n\t\t\t\t<\/div>\n\t\t<div class=\"elementor-element elementor-element-151b4da e-flex e-con-boxed e-con e-parent\" data-id=\"151b4da\" data-element_type=\"container\" data-e-type=\"container\">\n\t\t\t\t\t<div class=\"e-con-inner\">\n\t\t\t\t\t\t\t\t<p class=\"e-51080c5-c145864 e-paragraph-base\" data-interaction-id=\"51080c5\"  >\n\t\t\t\t\t\t\t\tMany companies invest in media, content, outbound, or lead generation, but still lack clarity on what actually becomes opportunity, pipeline, and revenue. Marketing generates volume. Sales questions quality.\n\t\t\t\t\t<\/p>\n\t\t\t\t\t<\/div>\n\t\t\t\t<\/div>\n\t\t<div class=\"elementor-element elementor-element-52826ed e-flex e-con-boxed e-con e-parent\" data-id=\"52826ed\" data-element_type=\"container\" data-e-type=\"container\">\n\t\t\t\t\t<div class=\"e-con-inner\">\n\t\t\t\t\t\t\t<h2 \n\t\tdata-interaction-id=\"4a5c5b7\" \n\t\tclass=\"e-heading-base\" \n\t\t \n\t\t\n\t>\n\t\n\t\t\tWhat This Structure Solves\n\t\t<\/h2>\n\t\t\t\t\t<\/div>\n\t\t\t\t<\/div>\n\t\t<div class=\"elementor-element elementor-element-d34dd8c e-flex e-con-boxed e-con e-parent\" data-id=\"d34dd8c\" data-element_type=\"container\" data-e-type=\"container\">\n\t\t\t\t\t<div class=\"e-con-inner\">\n\t\t<div class=\"elementor-element elementor-element-3a668a7 e-con-full e-flex e-con e-child\" data-id=\"3a668a7\" data-element_type=\"container\" data-e-type=\"container\">\n\t\t\t\t<div class=\"elementor-element elementor-element-ee23998 elementor-widget elementor-widget-text-editor\" data-id=\"ee23998\" data-element_type=\"widget\" data-e-type=\"widget\" data-widget_type=\"text-editor.default\">\n\t\t\t\t\t\t\t\t\t<p class=\"p1\"><span style=\"color: #000000;\">A structured view of the operation to connect acquisition, CRM, and pipeline with more clarity, less noise, and greater focus on revenue.<\/span><\/p>\t\t\t\t\t\t\t\t<\/div>\n\t\t\t\t<\/div>\n\t\t<div class=\"elementor-element elementor-element-cf96fbd e-con-full e-flex e-con e-child\" data-id=\"cf96fbd\" data-element_type=\"container\" data-e-type=\"container\">\n\t\t\t\t<div class=\"elementor-element elementor-element-a6a48f8 elementor-widget elementor-widget-text-editor\" data-id=\"a6a48f8\" data-element_type=\"widget\" data-e-type=\"widget\" data-widget_type=\"text-editor.default\">\n\t\t\t\t\t\t\t\t\t<ul><li><span style=\"color: #000000;\">Where demand generation is losing quality<\/span><\/li><li><span style=\"color: #000000;\">Where CRM and sales operations are disconnected<\/span><\/li><li><span style=\"color: #000000;\">Where the pipeline does not reflect real progressio<\/span><\/li><li><span style=\"color: #000000;\">Which issues are reducing predictability and efficiency<\/span><\/li><li><span style=\"color: #000000;\">What needs to be structured first<\/span><\/li><\/ul>\t\t\t\t\t\t\t\t<\/div>\n\t\t\t\t<\/div>\n\t\t\t\t\t<\/div>\n\t\t\t\t<\/div>\n\t\t<div class=\"elementor-element elementor-element-4ff5789 e-flex e-con-boxed e-con e-parent\" data-id=\"4ff5789\" data-element_type=\"container\" data-e-type=\"container\">\n\t\t\t\t\t<div class=\"e-con-inner\">\n\t\t\t\t\t<\/div>\n\t\t\t\t<\/div>\n\t\t<div class=\"elementor-element elementor-element-dc888af e-flex e-con-boxed e-con e-parent\" data-id=\"dc888af\" data-element_type=\"container\" data-e-type=\"container\">\n\t\t\t\t\t<div class=\"e-con-inner\">\n\t\t\t\t<div class=\"elementor-element elementor-element-3a6e188 elementor-widget elementor-widget-image\" data-id=\"3a6e188\" data-element_type=\"widget\" data-e-type=\"widget\" data-widget_type=\"image.default\">\n\t\t\t\t\t\t\t\t\t\t\t\t\t\t\t<img decoding=\"async\" width=\"768\" height=\"768\" src=\"https:\/\/idegasperi.com\/wp-content\/uploads\/2026\/04\/Structure_Map_EN.png\" class=\"attachment-medium_large size-medium_large wp-image-353\" alt=\"\" srcset=\"https:\/\/idegasperi.com\/wp-content\/uploads\/2026\/04\/Structure_Map_EN.png 1254w, https:\/\/idegasperi.com\/wp-content\/uploads\/2026\/04\/Structure_Map_EN-300x300.png 300w, https:\/\/idegasperi.com\/wp-content\/uploads\/2026\/04\/Structure_Map_EN-1024x1024.png 1024w, https:\/\/idegasperi.com\/wp-content\/uploads\/2026\/04\/Structure_Map_EN-150x150.png 150w, https:\/\/idegasperi.com\/wp-content\/uploads\/2026\/04\/Structure_Map_EN-768x768.png 768w, https:\/\/idegasperi.com\/wp-content\/uploads\/2026\/04\/Structure_Map_EN-12x12.png 12w\" sizes=\"(max-width: 768px) 100vw, 768px\" \/>\t\t\t\t\t\t\t\t\t\t\t\t\t\t\t<\/div>\n\t\t\t\t\t<\/div>\n\t\t\t\t<\/div>\n\t\t<div class=\"elementor-element elementor-element-5022997 e-flex e-con-boxed e-con e-parent\" data-id=\"5022997\" data-element_type=\"container\" data-e-type=\"container\">\n\t\t\t\t\t<div class=\"e-con-inner\">\n\t\t<div class=\"elementor-element elementor-element-566e0b0 e-con-full e-flex e-con e-child\" data-id=\"566e0b0\" data-element_type=\"container\" data-e-type=\"container\">\n\t\t\t\t\t\t\t<h2 \n\t\tdata-interaction-id=\"5808c34\" \n\t\tclass=\"e-heading-base\" \n\t\t \n\t\t\n\t>\n\t\n\t\t\tWhat You Receive\n\t\t<\/h2>\n\t\t\t\t<\/div>\n\t\t<div class=\"elementor-element elementor-element-de392ea e-con-full e-flex e-con e-child\" data-id=\"de392ea\" data-element_type=\"container\" data-e-type=\"container\">\n\t\t\t\t\t\t\t<h2 \n\t\tdata-interaction-id=\"2dddd0a\" \n\t\tclass=\"e-heading-base\" \n\t\t \n\t\t\n\t>\n\t\n\t\t\tWho This Is Best For\n\t\t<\/h2>\n\t\t\t\t<\/div>\n\t\t\t\t\t<\/div>\n\t\t\t\t<\/div>\n\t\t<div class=\"elementor-element elementor-element-d18c9e4 e-flex e-con-boxed e-con e-parent\" data-id=\"d18c9e4\" data-element_type=\"container\" data-e-type=\"container\">\n\t\t\t\t\t<div class=\"e-con-inner\">\n\t\t<div class=\"elementor-element elementor-element-7dfa49b e-con-full e-flex e-con e-child\" data-id=\"7dfa49b\" data-element_type=\"container\" data-e-type=\"container\">\n\t\t\t\t\t\t\t\t<p class=\"e-paragraph-base\" data-interaction-id=\"2e544b0\"  >\n\t\t\t\t\t\t\t\tYou get a clearer structure to connect acquisition, CRM, and pipeline with a focus on real revenue progression.<br><br>- Mais visibilidade sobre o que gera oportunidade de verdade.<br>- Menos ru\u00eddo entre marketing e vendas.<br>- Mais controle sobre a qualidade do funil.<br>- Melhor leitura de gargalos e convers\u00e3o.<br>- Mais previsibilidade para decidir e escalar. \n\t\t\t\t\t<\/p>\n\t\t\t\t<\/div>\n\t\t<div class=\"elementor-element elementor-element-85710e9 e-con-full e-flex e-con e-child\" data-id=\"85710e9\" data-element_type=\"container\" data-e-type=\"container\">\n\t\t\t\t\t\t\t\t<p class=\"e-paragraph-base\" data-interaction-id=\"e1e17d2\"  >\n\t\t\t\t\t\t\t\tThis work is most relevant for companies that:<br><br>- j\u00e1 geram demanda, mas t\u00eam dificuldade em transformar isso em pipeline de qualidadesentem desalinhamento entre marketing e vendas<br>- Usam CRM, mas n\u00e3o conseguem extrair clareza operacional <br>- Querem  crescer com mais previsibilidade e menos improviso. \n\t\t\t\t\t<\/p>\n\t\t\t\t<\/div>\n\t\t\t\t\t<\/div>\n\t\t\t\t<\/div>\n\t\t<div class=\"elementor-element elementor-element-859bce7 e-flex e-con-boxed e-con e-parent\" data-id=\"859bce7\" data-element_type=\"container\" data-e-type=\"container\">\n\t\t\t\t\t<div class=\"e-con-inner\">\n\t\t\t\t\t<\/div>\n\t\t\t\t<\/div>\n\t\t<div class=\"elementor-element elementor-element-cdb115a e-flex e-con-boxed e-con e-parent\" data-id=\"cdb115a\" data-element_type=\"container\" data-e-type=\"container\">\n\t\t\t\t\t<div class=\"e-con-inner\">\n\t\t\t\t\t\t\t<h2 \n\t\tdata-interaction-id=\"89b6c6c\" \n\t\tclass=\"e-heading-base\" \n\t\t \n\t\t\n\t>\n\t\n\t\t\tWhat This Analysis Is Not\n\t\t<\/h2>\n\t\t\t\t\t<\/div>\n\t\t\t\t<\/div>\n\t\t<div class=\"elementor-element elementor-element-04a2c5d e-flex e-con-boxed e-con e-parent\" data-id=\"04a2c5d\" data-element_type=\"container\" data-e-type=\"container\">\n\t\t\t\t\t<div class=\"e-con-inner\">\n\t\t\t\t<div class=\"elementor-element elementor-element-6083003 elementor-widget elementor-widget-text-editor\" data-id=\"6083003\" data-element_type=\"widget\" data-e-type=\"widget\" data-widget_type=\"text-editor.default\">\n\t\t\t\t\t\t\t\t\t<p><span style=\"color: #000000;\">This is not just a CRM setup.<\/span><\/p><ul><li><span style=\"color: #000000;\">It is also not generic sales consulting<\/span><\/li><li><span style=\"color: #000000;\">And it is not another layer of marketing disconnected from the commercial operation<\/span><\/li><li><span style=\"color: #000000;\">The focus here is to structure the logic that connects acquisition, qualification, pipeline, and revenue<\/span><\/li><\/ul>\t\t\t\t\t\t\t\t<\/div>\n\t\t\t\t\t<\/div>\n\t\t\t\t<\/div>\n\t\t<div class=\"elementor-element elementor-element-286ac4f e-flex e-con-boxed e-con e-parent\" data-id=\"286ac4f\" data-element_type=\"container\" data-e-type=\"container\">\n\t\t\t\t\t<div class=\"e-con-inner\">\n\t\t\t\t\t\t\t<h2 \n\t\tdata-interaction-id=\"7bf835d\" \n\t\tclass=\"e-heading-base\" \n\t\t \n\t\t\n\t>\n\t\n\t\t\t<strong>Is Your Operation Structured to Generate Revenue or Just Activity?<\/strong>\n\t\t<\/h2>\n\t\t\t\t\t<\/div>\n\t\t\t\t<\/div>\n\t\t<div class=\"elementor-element elementor-element-2b0cb92 e-flex e-con-boxed e-con e-parent\" data-id=\"2b0cb92\" data-element_type=\"container\" data-e-type=\"container\">\n\t\t\t\t\t<div class=\"e-con-inner\">\n\t\t\t\t\t\t\t\t<p class=\"e-103743e-de284f3 e-paragraph-base\" data-interaction-id=\"103743e\"  >\n\t\t\t\t\t\t\t\tIf <strong>marketing, CRM, and sales are still operating in silos,<\/strong>,  <strong>your company<\/strong> e <strong>your company is likely losing<\/strong> efficiency, visibility, <strong>and growth opportunity.<\/strong>, <strong>visibilidade<\/strong> e <strong>oportunidade de crescimento<\/strong>.\n\t\t\t\t\t<\/p>\n\t\t\t\t\t<\/div>\n\t\t\t\t<\/div>\n\t\t<div class=\"elementor-element elementor-element-4f913e2 e-con-full e-flex e-con e-parent\" data-id=\"4f913e2\" data-element_type=\"container\" data-e-type=\"container\">\n\t\t\t\t\t    \t            <button class=\"e-f52a562-fb9cf00 e-button-base\" data-interaction-id=\"f52a562\"  >\n            Improve My Revenue Operation\n        <\/button>\n    \t\t\t\t<\/div>\n\t\t\t\t<\/div>","protected":false},"excerpt":{"rendered":"<p>Conecte marketing, CRM e vendas em uma opera\u00e7\u00e3o orientada a receita Alinho marketing, CRM e vendas para reduzir ru\u00eddo entre [&hellip;]<\/p>\n","protected":false},"author":1,"featured_media":208,"parent":0,"menu_order":0,"comment_status":"closed","ping_status":"closed","template":"","meta":{"_joinchat":[],"footnotes":""},"class_list":["post-199","page","type-page","status-publish","has-post-thumbnail","hentry"],"_links":{"self":[{"href":"https:\/\/idegasperi.com\/en\/wp-json\/wp\/v2\/pages\/199","targetHints":{"allow":["GET"]}}],"collection":[{"href":"https:\/\/idegasperi.com\/en\/wp-json\/wp\/v2\/pages"}],"about":[{"href":"https:\/\/idegasperi.com\/en\/wp-json\/wp\/v2\/types\/page"}],"author":[{"embeddable":true,"href":"https:\/\/idegasperi.com\/en\/wp-json\/wp\/v2\/users\/1"}],"replies":[{"embeddable":true,"href":"https:\/\/idegasperi.com\/en\/wp-json\/wp\/v2\/comments?post=199"}],"version-history":[{"count":62,"href":"https:\/\/idegasperi.com\/en\/wp-json\/wp\/v2\/pages\/199\/revisions"}],"predecessor-version":[{"id":406,"href":"https:\/\/idegasperi.com\/en\/wp-json\/wp\/v2\/pages\/199\/revisions\/406"}],"wp:featuredmedia":[{"embeddable":true,"href":"https:\/\/idegasperi.com\/en\/wp-json\/wp\/v2\/media\/208"}],"wp:attachment":[{"href":"https:\/\/idegasperi.com\/en\/wp-json\/wp\/v2\/media?parent=199"}],"curies":[{"name":"wp","href":"https:\/\/api.w.org\/{rel}","templated":true}]}}