{"id":134,"date":"2026-04-21T20:31:07","date_gmt":"2026-04-21T20:31:07","guid":{"rendered":"https:\/\/idegasperi.com\/?page_id=134"},"modified":"2026-04-24T03:36:16","modified_gmt":"2026-04-24T03:36:16","slug":"diagnostico-de-growth","status":"publish","type":"page","link":"https:\/\/idegasperi.com\/en\/diagnostico-de-growth\/","title":{"rendered":"Growth"},"content":{"rendered":"<div data-elementor-type=\"wp-page\" data-elementor-id=\"134\" class=\"elementor elementor-134\">\n\t\t\t\t<div class=\"elementor-element elementor-element-2bc3777 e-flex e-con-boxed e-con e-parent\" data-id=\"2bc3777\" data-element_type=\"container\" data-e-type=\"container\">\n\t\t\t\t\t<div class=\"e-con-inner\">\n\t\t\t\t\t\t\t\n\t\t<img class=\"e-image-base e-cf3e7bd-df14a11\" \n\t\t\t\t\tdata-interaction-id=\"cf3e7bd\" \n\t\t \n\t\t \n\t\t\t\t\t\t\t\t\tid=\"164\"\n\t\t\t\t\t\t\t\t\t\t\t\tsrc=\"https:\/\/idegasperi.com\/wp-content\/uploads\/2026\/04\/imagem_growth_en-1.png\"\n\t\t\t\t\t\t\t\t\t\t\t\twidth=\"1535\"\n\t\t\t\t\t\t\t\t\t\t\t\theight=\"1024\"\n\t\t\t\t\t\t\t\t\t\t\t\tsrcset=\"https:\/\/idegasperi.com\/wp-content\/uploads\/2026\/04\/imagem_growth_en-1.png 1536w, https:\/\/idegasperi.com\/wp-content\/uploads\/2026\/04\/imagem_growth_en-1-300x200.png 300w, https:\/\/idegasperi.com\/wp-content\/uploads\/2026\/04\/imagem_growth_en-1-1024x683.png 1024w, https:\/\/idegasperi.com\/wp-content\/uploads\/2026\/04\/imagem_growth_en-1-768x512.png 768w, https:\/\/idegasperi.com\/wp-content\/uploads\/2026\/04\/imagem_growth_en-1-18x12.png 18w\"\n\t\t\t\t\t\t\t\t\t\t\t\talt=\"\"\n\t\t\t\t\t\t\/>\n\t\t\t\t\t\t<\/div>\n\t\t\t\t<\/div>\n\t\t<div class=\"elementor-element elementor-element-49ab4b1 e-flex e-con-boxed e-con e-parent\" data-id=\"49ab4b1\" data-element_type=\"container\" data-e-type=\"container\">\n\t\t\t\t\t<div class=\"e-con-inner\">\n\t\t\t\t\t\t\t<h1 \n\t\tdata-interaction-id=\"221d571\" \n\t\tclass=\"e-221d571-228a73b e-heading-base\" \n\t\t \n\t\t\n\t>\n\t\n\t\t\tYou generate leads. But you don\u2019t know where you\u2019re losing revenue.\n\t\t<\/h1>\n\t\t\t\t\t<\/div>\n\t\t\t\t<\/div>\n\t\t<div class=\"elementor-element elementor-element-519b68b e-flex e-con-boxed e-con e-parent\" data-id=\"519b68b\" data-element_type=\"container\" data-e-type=\"container\">\n\t\t\t\t\t<div class=\"e-con-inner\">\n\t\t\t\t\t\t\t\t<p class=\"e-2dae658-2e91759 e-paragraph-base\" data-interaction-id=\"2dae658\"  >\n\t\t\t\t\t\t\t\tI identify where your operation breaks down across acquisition, qualification, and sales to show what\u2019s holding back your growth.\n\t\t\t\t\t<\/p>\n\t\t\t\t\t<\/div>\n\t\t\t\t<\/div>\n\t\t<div class=\"elementor-element elementor-element-ec2c00e e-con-full e-flex e-con e-parent\" data-id=\"ec2c00e\" data-element_type=\"container\" data-e-type=\"container\">\n\t\t\t\t\t    \t            <button class=\"e-ef01aa0-16a1c42 e-button-base\" data-interaction-id=\"ef01aa0\"  >\n            See What\u2019s Blocking Growth\n        <\/button>\n    \t\t\t\t<\/div>\n\t\t<div class=\"elementor-element elementor-element-103ce3f e-flex e-con-boxed e-con e-parent\" data-id=\"103ce3f\" data-element_type=\"container\" data-e-type=\"container\">\n\t\t\t\t\t<div class=\"e-con-inner\">\n\t\t\t\t\t\t\t<h3 \n\t\tdata-interaction-id=\"6c227c6\" \n\t\tclass=\"e-heading-base\" \n\t\t \n\t\t\n\t>\n\t\n\t\t\t<strong>The problem may not be lead generation.<\/strong>\n\t\t<\/h3>\n\t\t\t\t\t<\/div>\n\t\t\t\t<\/div>\n\t\t<div class=\"elementor-element elementor-element-ccb4bcc e-con-full e-flex e-con e-parent\" data-id=\"ccb4bcc\" data-element_type=\"container\" data-e-type=\"container\">\n\t\t<div class=\"elementor-element elementor-element-1e76c0d e-con-full e-flex e-con e-child\" data-id=\"1e76c0d\" data-element_type=\"container\" data-e-type=\"container\">\n\t\t\t\t\t\t\t\t<p class=\"e-84aeb8a-8c6dc39 e-paragraph-base\" data-interaction-id=\"84aeb8a\"  >\n\t\t\t\t\t\t\t\t<strong>What this audit reveals<\/strong><br><br>A structured view of your operation to understand where growth is losing momentum, efficiency, and predictability.\n\t\t\t\t\t<\/p>\n\t\t\t\t<\/div>\n\t\t<div class=\"elementor-element elementor-element-2fd002a e-con-full e-flex e-con e-child\" data-id=\"2fd002a\" data-element_type=\"container\" data-e-type=\"container\">\n\t\t\t\t\t\t\t\t<p class=\"e-a6706fc-a9235aa e-paragraph-base\" data-interaction-id=\"a6706fc\"  >\n\t\t\t\t\t\t\t\t-  Where acquisition is generating volume, but not results<br>- Onde os leads deixam de avan\u00e7ar no funil<br>- Quais gargalos reduzem convers\u00e3o e receita<br>- Onde marketing e vendas perdem alinhamento<br>- O que priorizar para corrigir\n\t\t\t\t\t<\/p>\n\t\t\t\t<\/div>\n\t\t\t\t<\/div>\n\t\t<div class=\"elementor-element elementor-element-5002123 e-flex e-con-boxed e-con e-parent\" data-id=\"5002123\" data-element_type=\"container\" data-e-type=\"container\">\n\t\t\t\t\t<div class=\"e-con-inner\">\n\t\t\t\t\t\t\t<h2 \n\t\tdata-interaction-id=\"f3479c5\" \n\t\tclass=\"e-f3479c5-d42ec21 e-heading-base\" \n\t\t \n\t\t\n\t>\n\t\n\t\t\t<strong>How We Identify Growth Bottlenecks<\/strong>\n\t\t<\/h2>\n\t\t\t\t\t<\/div>\n\t\t\t\t<\/div>\n\t\t<div class=\"elementor-element elementor-element-2b7bf78 e-flex e-con-boxed e-con e-parent\" data-id=\"2b7bf78\" data-element_type=\"container\" data-e-type=\"container\">\n\t\t\t\t\t<div class=\"e-con-inner\">\n\t\t\t\t\t<\/div>\n\t\t\t\t<\/div>\n\t\t<div class=\"elementor-element elementor-element-9b85739 e-flex e-con-boxed e-con e-parent\" data-id=\"9b85739\" data-element_type=\"container\" data-e-type=\"container\">\n\t\t\t\t\t<div class=\"e-con-inner\">\n\t\t\t\t<div class=\"elementor-element elementor-element-e804809 elementor-widget elementor-widget-image\" data-id=\"e804809\" data-element_type=\"widget\" data-e-type=\"widget\" data-widget_type=\"image.default\">\n\t\t\t\t\t\t\t\t\t\t\t\t\t\t\t<img fetchpriority=\"high\" decoding=\"async\" width=\"768\" height=\"768\" src=\"https:\/\/idegasperi.com\/wp-content\/uploads\/2026\/04\/Growth_MAP_EN-1.png\" class=\"attachment-medium_large size-medium_large wp-image-476\" alt=\"\" srcset=\"https:\/\/idegasperi.com\/wp-content\/uploads\/2026\/04\/Growth_MAP_EN-1.png 1254w, https:\/\/idegasperi.com\/wp-content\/uploads\/2026\/04\/Growth_MAP_EN-1-300x300.png 300w, https:\/\/idegasperi.com\/wp-content\/uploads\/2026\/04\/Growth_MAP_EN-1-1024x1024.png 1024w, https:\/\/idegasperi.com\/wp-content\/uploads\/2026\/04\/Growth_MAP_EN-1-150x150.png 150w, https:\/\/idegasperi.com\/wp-content\/uploads\/2026\/04\/Growth_MAP_EN-1-768x768.png 768w, https:\/\/idegasperi.com\/wp-content\/uploads\/2026\/04\/Growth_MAP_EN-1-12x12.png 12w\" sizes=\"(max-width: 768px) 100vw, 768px\" \/>\t\t\t\t\t\t\t\t\t\t\t\t\t\t\t<\/div>\n\t\t\t\t\t<\/div>\n\t\t\t\t<\/div>\n\t\t<div class=\"elementor-element elementor-element-4eedb5d e-flex e-con-boxed e-con e-parent\" data-id=\"4eedb5d\" data-element_type=\"container\" data-e-type=\"container\">\n\t\t\t\t\t<div class=\"e-con-inner\">\n\t\t<div class=\"elementor-element elementor-element-b8ab864 e-con-full e-flex e-con e-child\" data-id=\"b8ab864\" data-element_type=\"container\" data-e-type=\"container\">\n\t\t\t\t\t\t\t<h2 \n\t\tdata-interaction-id=\"496efe0\" \n\t\tclass=\"e-heading-base\" \n\t\t \n\t\t\n\t>\n\t\n\t\t\t<strong>What You Receive<\/strong>\n\t\t<\/h2>\n\t\t\t\t<\/div>\n\t\t<div class=\"elementor-element elementor-element-4ea5fcc e-con-full e-flex e-con e-child\" data-id=\"4ea5fcc\" data-element_type=\"container\" data-e-type=\"container\">\n\t\t\t\t\t\t\t<h2 \n\t\tdata-interaction-id=\"e7d1456\" \n\t\tclass=\"e-heading-base\" \n\t\t \n\t\t\n\t>\n\t\n\t\t\t<strong>A Clear View of the Real Funnel<\/strong>\n\t\t<\/h2>\n\t\t\t\t<\/div>\n\t\t\t\t\t<\/div>\n\t\t\t\t<\/div>\n\t\t<div class=\"elementor-element elementor-element-fe0e6d3 e-flex e-con-boxed e-con e-parent\" data-id=\"fe0e6d3\" data-element_type=\"container\" data-e-type=\"container\">\n\t\t\t\t\t<div class=\"e-con-inner\">\n\t\t<div class=\"elementor-element elementor-element-3974f7b e-con-full e-flex e-con e-child\" data-id=\"3974f7b\" data-element_type=\"container\" data-e-type=\"container\">\n\t\t\t\t<div class=\"elementor-element elementor-element-f7ed047 elementor-widget elementor-widget-text-editor\" data-id=\"f7ed047\" data-element_type=\"widget\" data-e-type=\"widget\" data-widget_type=\"text-editor.default\">\n\t\t\t\t\t\t\t\t\t<p class=\"p1\"><span style=\"color: #000000;\"><b>A Clear View of the Real Funnel<\/b><\/span><br \/><span style=\"color: #000000;\">A Map of Current Bottlenecks\nWe show where your operation is losing efficiency across acquisition, qualification, conversion, and revenue.\n\nWe identify where leads get stuck and where volume fails to turn into opportunity.<\/span><\/p>\t\t\t\t\t\t\t\t<\/div>\n\t\t\t\t<\/div>\n\t\t<div class=\"elementor-element elementor-element-a76ebdc e-con-full e-flex e-con e-child\" data-id=\"a76ebdc\" data-element_type=\"container\" data-e-type=\"container\">\n\t\t\t\t<div class=\"elementor-element elementor-element-ba55f4f elementor-widget elementor-widget-text-editor\" data-id=\"ba55f4f\" data-element_type=\"widget\" data-e-type=\"widget\" data-widget_type=\"text-editor.default\">\n\t\t\t\t\t\t\t\t\t<p><span style=\"color: #000000; font-size: 16px;\">We identify where leads get stuck and where volume fails to turn into opportunity.<\/span><\/p>\t\t\t\t\t\t\t\t<\/div>\n\t\t\t\t<\/div>\n\t\t\t\t\t<\/div>\n\t\t\t\t<\/div>\n\t\t<div class=\"elementor-element elementor-element-e5b38f6 e-flex e-con-boxed e-con e-parent\" data-id=\"e5b38f6\" data-element_type=\"container\" data-e-type=\"container\">\n\t\t\t\t\t<div class=\"e-con-inner\">\n\t\t<div class=\"elementor-element elementor-element-50138dc e-con-full e-flex e-con e-child\" data-id=\"50138dc\" data-element_type=\"container\" data-e-type=\"container\">\n\t\t\t\t\t\t\t<h2 \n\t\tdata-interaction-id=\"5988b07\" \n\t\tclass=\"e-heading-base\" \n\t\t \n\t\t\n\t>\n\t\n\t\t\t<strong id=\"e-moaozq1g-kkqvdao\">A Diagnosis of Misalignment<\/strong>\n\t\t<\/h2>\n\t\t\t\t<\/div>\n\t\t<div class=\"elementor-element elementor-element-348c8d8 e-con-full e-flex e-con e-child\" data-id=\"348c8d8\" data-element_type=\"container\" data-e-type=\"container\">\n\t\t\t\t\t\t\t<h2 \n\t\tdata-interaction-id=\"f0fcb9f\" \n\t\tclass=\"e-heading-base\" \n\t\t \n\t\t\n\t>\n\t\n\t\t\t<strong>What to Fix First<\/strong>\n\t\t<\/h2>\n\t\t\t\t<\/div>\n\t\t\t\t\t<\/div>\n\t\t\t\t<\/div>\n\t\t<div class=\"elementor-element elementor-element-83f3c6e e-flex e-con-boxed e-con e-parent\" data-id=\"83f3c6e\" data-element_type=\"container\" data-e-type=\"container\">\n\t\t\t\t\t<div class=\"e-con-inner\">\n\t\t<div class=\"elementor-element elementor-element-f6e45d5 e-con-full e-flex e-con e-child\" data-id=\"f6e45d5\" data-element_type=\"container\" data-e-type=\"container\">\n\t\t\t\t<div class=\"elementor-element elementor-element-bb1381b elementor-widget elementor-widget-text-editor\" data-id=\"bb1381b\" data-element_type=\"widget\" data-e-type=\"widget\" data-widget_type=\"text-editor.default\">\n\t\t\t\t\t\t\t\t\t<p class=\"p1\"><span style=\"color: #000000;\">Clear Correction Priorities\nWe highlight breakdowns across marketing, CRM, sales operations, and qualification criteria.<\/span><\/p>\t\t\t\t\t\t\t\t<\/div>\n\t\t\t\t<\/div>\n\t\t<div class=\"elementor-element elementor-element-210c359 e-con-full e-flex e-con e-child\" data-id=\"210c359\" data-element_type=\"container\" data-e-type=\"container\">\n\t\t\t\t<div class=\"elementor-element elementor-element-5362779 elementor-widget elementor-widget-text-editor\" data-id=\"5362779\" data-element_type=\"widget\" data-e-type=\"widget\" data-widget_type=\"text-editor.default\">\n\t\t\t\t\t\t\t\t\t<p class=\"p1\"><span style=\"color: #000000;\">We organize what should be addressed first to improve efficiency and predictability.<\/span><\/p>\t\t\t\t\t\t\t\t<\/div>\n\t\t\t\t<\/div>\n\t\t\t\t\t<\/div>\n\t\t\t\t<\/div>\n\t\t<div class=\"elementor-element elementor-element-5566977 e-flex e-con-boxed e-con e-parent\" data-id=\"5566977\" data-element_type=\"container\" data-e-type=\"container\">\n\t\t\t\t\t<div class=\"e-con-inner\">\n\t\t\t\t\t\t\t<h2 \n\t\tdata-interaction-id=\"f34510f\" \n\t\tclass=\"e-f34510f-36e852a e-heading-base\" \n\t\t \n\t\t\n\t>\n\t\n\t\t\tWho This Audit Is For\n\t\t<\/h2>\n\t\t\t\t\t<\/div>\n\t\t\t\t<\/div>\n\t\t<div class=\"elementor-element elementor-element-59a33d7 e-flex e-con-boxed e-con e-parent\" data-id=\"59a33d7\" data-element_type=\"container\" data-e-type=\"container\">\n\t\t\t\t\t<div class=\"e-con-inner\">\n\t\t<div class=\"elementor-element elementor-element-10ba77f e-con-full e-flex e-con e-child\" data-id=\"10ba77f\" data-element_type=\"container\" data-e-type=\"container\">\n\t\t\t\t\t\t\t<h3 \n\t\tdata-interaction-id=\"8f9918a\" \n\t\tclass=\"e-8f9918a-423f74b e-heading-base\" \n\t\t \n\t\t\n\t>\n\t\n\t\t\t<strong>Companies Already Investing in Acquisition<\/strong>\n\t\t<\/h3>\n\t\t\t\t<\/div>\n\t\t<div class=\"elementor-element elementor-element-fc7a648 e-con-full e-flex e-con e-child\" data-id=\"fc7a648\" data-element_type=\"container\" data-e-type=\"container\">\n\t\t\t\t\t\t\t<h3 \n\t\tdata-interaction-id=\"7bbda5f\" \n\t\tclass=\"e-7bbda5f-9db2499 e-heading-base\" \n\t\t \n\t\t\n\t>\n\t\n\t\t\t<strong>Not for Companies That Only Want More Leads<\/strong>\n\t\t<\/h3>\n\t\t\t\t<\/div>\n\t\t\t\t\t<\/div>\n\t\t\t\t<\/div>\n\t\t<div class=\"elementor-element elementor-element-32bd69a e-flex e-con-boxed e-con e-parent\" data-id=\"32bd69a\" data-element_type=\"container\" data-e-type=\"container\">\n\t\t\t\t\t<div class=\"e-con-inner\">\n\t\t<div class=\"elementor-element elementor-element-2d9c96a e-con-full e-flex e-con e-child\" data-id=\"2d9c96a\" data-element_type=\"container\" data-e-type=\"container\">\n\t\t\t\t<div class=\"elementor-element elementor-element-6bc20c4 elementor-widget elementor-widget-text-editor\" data-id=\"6bc20c4\" data-element_type=\"widget\" data-e-type=\"widget\" data-widget_type=\"text-editor.default\">\n\t\t\t\t\t\t\t\t\t<p class=\"p1\"><span style=\"color: #000000;\">But still don\u2019t know what is actually turning into revenue.<\/span><\/p><ul><li class=\"p1\"><span style=\"color: #000000;\">Businesses facing bottlenecks between marketing and sales<\/span><\/li><li class=\"p1\"><span style=\"color: #000000; font-size: 16px;\">Where leads are coming in, but the operation is not converting consistently<\/span><\/li><li class=\"p1\"><span style=\"color: #000000;\">Teams that want to grow with more predictability<\/span><\/li><li class=\"p1\"><span style=\"color: #000000;\">Companies with CRM, media, and a funnel, but little clarity<\/span><\/li><li class=\"p1\"><span style=\"color: #000000; font-size: 16px;\">On what is actually working<\/span><\/li><li class=\"p1\"><span style=\"color: #000000;\">And how to stop making decisions based only on CPL or volume<\/span><\/li><\/ul>\t\t\t\t\t\t\t\t<\/div>\n\t\t\t\t<\/div>\n\t\t<div class=\"elementor-element elementor-element-d12718a e-con-full e-flex e-con e-child\" data-id=\"d12718a\" data-element_type=\"container\" data-e-type=\"container\">\n\t\t\t\t<div class=\"elementor-element elementor-element-8844ace elementor-widget elementor-widget-text-editor\" data-id=\"8844ace\" data-element_type=\"widget\" data-e-type=\"widget\" data-widget_type=\"text-editor.default\">\n\t\t\t\t\t\t\t\t\t<p class=\"p1\"><span style=\"color: #000000;\">Without looking at lead quality, funnel progression, and revenue generation.<\/span><\/p><ul><li class=\"p1\"><span style=\"color: #000000;\">It is not for companies that still lack a minimum viable operation<\/span><\/li><li class=\"p1\"><span style=\"color: #000000;\">Without acquisition, CRM, or a sales process, the audit loses depth<\/span><\/li><li class=\"p1\"><span style=\"color: #000000;\">It is not for those who only want a polished report<\/span><\/li><li class=\"p1\"><span style=\"font-size: 16px; color: #000000;\">The real value is in identifying bottlenecks and guiding decisions<\/span><\/li><li class=\"p1\"><span style=\"color: #000000;\">It is not for those who do not intend to improve the operation afterward. <span style=\"font-size: 16px;\">Growth comes from structural correction, not just analysis<\/span><\/span><\/li><\/ul>\t\t\t\t\t\t\t\t<\/div>\n\t\t\t\t<\/div>\n\t\t\t\t\t<\/div>\n\t\t\t\t<\/div>\n\t\t<div class=\"elementor-element elementor-element-b333819 e-flex e-con-boxed e-con e-parent\" data-id=\"b333819\" data-element_type=\"container\" data-e-type=\"container\">\n\t\t\t\t\t<div class=\"e-con-inner\">\n\t\t\t\t\t\t\t<h2 \n\t\tdata-interaction-id=\"72f16ee\" \n\t\tclass=\"e-heading-base\" \n\t\t \n\t\t\n\t>\n\t\n\t\t\tFinal Statement\n\t\t<\/h2>\n\t\t\t\t\t<\/div>\n\t\t\t\t<\/div>\n\t\t<div class=\"elementor-element elementor-element-c997087 e-flex e-con-boxed e-con e-parent\" data-id=\"c997087\" data-element_type=\"container\" data-e-type=\"container\">\n\t\t\t\t\t<div class=\"e-con-inner\">\n\t\t\t\t<div class=\"elementor-element elementor-element-f479b20 elementor-widget elementor-widget-text-editor\" data-id=\"f479b20\" data-element_type=\"widget\" data-e-type=\"widget\" data-widget_type=\"text-editor.default\">\n\t\t\t\t\t\t\t\t\t<p class=\"p1\"><span style=\"color: #000000;\">If your operation is not turning acquisition into revenue, the problem needs to be diagnosed.<\/span><\/p>\t\t\t\t\t\t\t\t<\/div>\n\t\t\t\t\t<\/div>\n\t\t\t\t<\/div>\n\t\t<div class=\"elementor-element elementor-element-6a2bb9d e-con-full e-flex e-con e-parent\" data-id=\"6a2bb9d\" data-element_type=\"container\" data-e-type=\"container\">\n\t\t\t\t\t    \t            <button class=\"e-9120cd1-8e22e36 e-button-base\" data-interaction-id=\"9120cd1\"  >\n            See What\u2019s Blocking Growth\n        <\/button>\n    \t\t\t\t<\/div>\n\t\t\t\t<\/div>","protected":false},"excerpt":{"rendered":"<p>Voc\u00ea gera leads. Mas n\u00e3o sabe onde perde receita. Eu identifico onde sua opera\u00e7\u00e3o trava entre aquisi\u00e7\u00e3o, qualifica\u00e7\u00e3o e vendas [&hellip;]<\/p>\n","protected":false},"author":1,"featured_media":0,"parent":0,"menu_order":0,"comment_status":"closed","ping_status":"closed","template":"","meta":{"_joinchat":[],"footnotes":""},"class_list":["post-134","page","type-page","status-publish","hentry"],"_links":{"self":[{"href":"https:\/\/idegasperi.com\/en\/wp-json\/wp\/v2\/pages\/134","targetHints":{"allow":["GET"]}}],"collection":[{"href":"https:\/\/idegasperi.com\/en\/wp-json\/wp\/v2\/pages"}],"about":[{"href":"https:\/\/idegasperi.com\/en\/wp-json\/wp\/v2\/types\/page"}],"author":[{"embeddable":true,"href":"https:\/\/idegasperi.com\/en\/wp-json\/wp\/v2\/users\/1"}],"replies":[{"embeddable":true,"href":"https:\/\/idegasperi.com\/en\/wp-json\/wp\/v2\/comments?post=134"}],"version-history":[{"count":69,"href":"https:\/\/idegasperi.com\/en\/wp-json\/wp\/v2\/pages\/134\/revisions"}],"predecessor-version":[{"id":482,"href":"https:\/\/idegasperi.com\/en\/wp-json\/wp\/v2\/pages\/134\/revisions\/482"}],"wp:attachment":[{"href":"https:\/\/idegasperi.com\/en\/wp-json\/wp\/v2\/media?parent=134"}],"curies":[{"name":"wp","href":"https:\/\/api.w.org\/{rel}","templated":true}]}}